{"id":578,"date":"2020-10-25T21:30:45","date_gmt":"2020-10-25T18:30:45","guid":{"rendered":"https:\/\/www.psikolojisaati.com\/our-psychotherapists\/"},"modified":"2024-12-16T12:05:36","modified_gmt":"2024-12-16T09:05:36","slug":"our-psychotherapists","status":"publish","type":"page","link":"https:\/\/www.psikolojisaati.com\/en\/our-psychotherapists\/","title":{"rendered":"Psychotherapists"},"content":{"rendered":"<div class=\"wpb-content-wrapper\">[vc_row css=&#8221;.vc_custom_1679748176219{border-top-width: 1px !important;border-right-width: 1px !important;border-bottom-width: 1px !important;border-left-width: 1px !important;padding-top: 10px !important;padding-right: 10px !important;padding-bottom: 10px !important;padding-left: 10px !important;border-left-color: #efefef !important;border-left-style: solid !important;border-right-color: #efefef !important;border-right-style: solid !important;border-top-color: #efefef !important;border-top-style: solid !important;border-bottom-color: #efefef !important;border-bottom-style: solid !important;border-radius: 10px !important;}&#8221;][vc_column]<div class=\"vcex-module vcex-staff-grid-wrap wpex-clr\"><div class=\"wpex-row vcex-staff-grid entries wpex-clr gap-30\"><div class=\"staff-entry vcex-grid-item span_1_of_2 textcenter col col-1 has-readmore post-629 entry type-staff has-media translation_priority-10\"><div class=\"staff-entry-inner entry-inner wpex-first-mt-0 wpex-last-mb-0 wpex-clr\"><div class=\"staff-entry-media entry-media wpex-mb-20\"><a href=\"https:\/\/www.psikolojisaati.com\/en\/staff-member\/bige-yildirim\/\" title=\"Bige Y\u0131ld\u0131r\u0131m\" class=\"staff-entry-media-link\"><img loading=\"lazy\" class=\"staff-entry-media-img staff-entry-img wpex-align-middle wpex-align-middle\" decoding=\"async\" src=\"https:\/\/www.psikolojisaati.com\/wp-content\/uploads\/2023\/03\/by-300x300.jpg\" alt=\"\" srcset=\"https:\/\/www.psikolojisaati.com\/wp-content\/uploads\/2023\/03\/by-300x300.jpg 300w, https:\/\/www.psikolojisaati.com\/wp-content\/uploads\/2023\/03\/by-150x150.jpg 150w, https:\/\/www.psikolojisaati.com\/wp-content\/uploads\/2023\/03\/by.jpg 400w\" width=\"300\" height=\"300\"><\/a><\/div><div class=\"staff-entry-details entry-details wpex-first-mt-0 wpex-last-mb-0 wpex-clr\"><h2 class=\"staff-entry-title entry-title wpex-mb-5\"><a href=\"https:\/\/www.psikolojisaati.com\/en\/staff-member\/bige-yildirim\/\">Bige Y\u0131ld\u0131r\u0131m<\/a><\/h2><div class=\"staff-entry-position entry-position wpex-text-sm wpex-text-3 wpex-leading-snug wpex-mb-5\" style=\"color:#dd9933;\">Klinik Psikolog<\/div><div class=\"staff-entry-excerpt entry-excerpt wpex-my-15 wpex-last-mb-0 wpex-clr\"><p>She completed her undergraduate studies in the Psychology department at Uluda\u011f University and obtained her master's in Clinical Psychology from the University of Economics and Human Sciences in Warsaw. During&hellip;<\/p><\/div><div class=\"staff-entry-readmore-wrap entry-readmore-wrap wpex-my-15 wpex-clr\"><a href=\"https:\/\/www.psikolojisaati.com\/en\/staff-member\/bige-yildirim\/\" class=\"theme-button\" aria-label=\"Continue about Bige Y\u0131ld\u0131r\u0131m\">Continue<\/a><\/div><\/div><\/div><\/div><div class=\"staff-entry vcex-grid-item span_1_of_2 textcenter col col-2 has-readmore post-637 entry type-staff has-media\"><div class=\"staff-entry-inner entry-inner wpex-first-mt-0 wpex-last-mb-0 wpex-clr\"><div class=\"staff-entry-media entry-media wpex-mb-20\"><a href=\"https:\/\/www.psikolojisaati.com\/en\/staff-member\/cansu-yumusak\/\" title=\"Cansu Yumu\u015fak\" class=\"staff-entry-media-link\"><img loading=\"lazy\" class=\"staff-entry-media-img staff-entry-img wpex-align-middle wpex-align-middle\" decoding=\"async\" src=\"https:\/\/www.psikolojisaati.com\/wp-content\/uploads\/2023\/03\/cansu-300x300.png\" alt=\"\" srcset=\"https:\/\/www.psikolojisaati.com\/wp-content\/uploads\/2023\/03\/cansu-300x300.png 300w, https:\/\/www.psikolojisaati.com\/wp-content\/uploads\/2023\/03\/cansu-150x150.png 150w, https:\/\/www.psikolojisaati.com\/wp-content\/uploads\/2023\/03\/cansu.png 400w\" width=\"300\" height=\"300\"><\/a><\/div><div class=\"staff-entry-details entry-details wpex-first-mt-0 wpex-last-mb-0 wpex-clr\"><h2 class=\"staff-entry-title entry-title wpex-mb-5\"><a href=\"https:\/\/www.psikolojisaati.com\/en\/staff-member\/cansu-yumusak\/\">Cansu Yumu\u015fak<\/a><\/h2><div class=\"staff-entry-excerpt entry-excerpt wpex-my-15 wpex-last-mb-0 wpex-clr\"><p>Cansu Yumu\u015fak holds a Bachelor\u2019s degree in Psychology from Middle East Technical University (METU) and a Master\u2019s degree in Social Psychology from METU. During her Master's studies, she conducted research&hellip;<\/p><\/div><div class=\"staff-entry-readmore-wrap entry-readmore-wrap wpex-my-15 wpex-clr\"><a href=\"https:\/\/www.psikolojisaati.com\/en\/staff-member\/cansu-yumusak\/\" class=\"theme-button\" aria-label=\"Continue about Cansu Yumu\u015fak\">Continue<\/a><\/div><\/div><\/div><\/div><div class=\"staff-entry vcex-grid-item span_1_of_2 textcenter col col-1 has-readmore post-781 entry type-staff has-media translation_priority-10\"><div class=\"staff-entry-inner entry-inner wpex-first-mt-0 wpex-last-mb-0 wpex-clr\"><div class=\"staff-entry-media entry-media wpex-mb-20\"><a href=\"https:\/\/www.psikolojisaati.com\/en\/staff-member\/nevin-keskin\/\" title=\"Nevin Keskin\" class=\"staff-entry-media-link\"><img loading=\"lazy\" class=\"staff-entry-media-img staff-entry-img wpex-align-middle wpex-align-middle\" decoding=\"async\" src=\"https:\/\/www.psikolojisaati.com\/wp-content\/uploads\/2023\/03\/nevin-300x300.png\" alt=\"\" srcset=\"https:\/\/www.psikolojisaati.com\/wp-content\/uploads\/2023\/03\/nevin-300x300.png 300w, https:\/\/www.psikolojisaati.com\/wp-content\/uploads\/2023\/03\/nevin-150x150.png 150w, https:\/\/www.psikolojisaati.com\/wp-content\/uploads\/2023\/03\/nevin.png 400w\" width=\"300\" height=\"300\"><\/a><\/div><div class=\"staff-entry-details entry-details wpex-first-mt-0 wpex-last-mb-0 wpex-clr\"><h2 class=\"staff-entry-title entry-title wpex-mb-5\"><a href=\"https:\/\/www.psikolojisaati.com\/en\/staff-member\/nevin-keskin\/\">Nevin Keskin<\/a><\/h2><div class=\"staff-entry-excerpt entry-excerpt wpex-my-15 wpex-last-mb-0 wpex-clr\"><p>I graduated from Istanbul Gelisim University with a degree in Psychology. I completed my master's degree in Clinical Psychology at the University of Economics and Human Sciences in Warsaw. During&hellip;<\/p><\/div><div class=\"staff-entry-readmore-wrap entry-readmore-wrap wpex-my-15 wpex-clr\"><a href=\"https:\/\/www.psikolojisaati.com\/en\/staff-member\/nevin-keskin\/\" class=\"theme-button\" aria-label=\"Continue about Nevin Keskin\">Continue<\/a><\/div><\/div><\/div><\/div><\/div><\/div>[\/vc_column][\/vc_row]\n<\/div>","protected":false},"excerpt":{"rendered":"<p>[vc_row css=&#8221;.vc_custom_1679748176219{border-top-width: 1px !important;border-right-width: 1px !important;border-bottom-width: 1px !important;border-left-width: 1px !important;padding-top: 10px !important;padding-right: 10px !important;padding-bottom: 10px !important;padding-left: 10px !important;border-left-color: #efefef !important;border-left-style: solid !important;border-right-color: #efefef !important;border-right-style: solid !important;border-top-color: #efefef !important;border-top-style: solid !important;border-bottom-color: #efefef !important;border-bottom-style: solid !important;border-radius: 10px !important;}&#8221;][vc_column][\/vc_column][\/vc_row]<\/p>\n","protected":false},"author":1,"featured_media":0,"parent":0,"menu_order":0,"comment_status":"closed","ping_status":"closed","template":"templates\/right-sidebar.php","meta":{"footnotes":""},"class_list":["post-578","page","type-page","status-publish","hentry","entry","has-media"],"yoast_head":"<!-- This site is optimized with the Yoast SEO plugin v25.5 - https:\/\/yoast.com\/wordpress\/plugins\/seo\/ -->\n<title>Psychotherapists - Souloclock<\/title>\n<meta name=\"robots\" content=\"index, follow, max-snippet:-1, max-image-preview:large, max-video-preview:-1\" \/>\n<link rel=\"canonical\" href=\"https:\/\/www.psikolojisaati.com\/en\/our-psychotherapists\/\" \/>\n<meta property=\"og:locale\" content=\"en_US\" \/>\n<meta property=\"og:type\" content=\"article\" \/>\n<meta property=\"og:title\" content=\"Psychotherapists - Souloclock\" \/>\n<meta property=\"og:description\" content=\"[vc_row css=&#8221;.vc_custom_1679748176219{border-top-width: 1px !important;border-right-width: 1px !important;border-bottom-width: 1px !important;border-left-width: 1px !important;padding-top: 10px !important;padding-right: 10px !important;padding-bottom: 10px !important;padding-left: 10px !important;border-left-color: #efefef !important;border-left-style: solid !important;border-right-color: #efefef !important;border-right-style: solid !important;border-top-color: #efefef !important;border-top-style: solid !important;border-bottom-color: #efefef !important;border-bottom-style: solid !important;border-radius: 10px !important;}&#8221;][vc_column][\/vc_column][\/vc_row]\" \/>\n<meta property=\"og:url\" content=\"https:\/\/www.psikolojisaati.com\/en\/our-psychotherapists\/\" \/>\n<meta property=\"og:site_name\" content=\"Souloclock\" \/>\n<meta property=\"article:publisher\" content=\"https:\/\/www.facebook.com\/psikolojisaati\" \/>\n<meta property=\"article:modified_time\" content=\"2024-12-16T09:05:36+00:00\" \/>\n<meta name=\"twitter:card\" content=\"summary_large_image\" \/>\n<meta name=\"twitter:label1\" content=\"Est. reading time\" \/>\n\t<meta name=\"twitter:data1\" content=\"1 minute\" \/>\n<script type=\"application\/ld+json\" class=\"yoast-schema-graph\">{\"@context\":\"https:\/\/schema.org\",\"@graph\":[{\"@type\":\"WebPage\",\"@id\":\"https:\/\/www.psikolojisaati.com\/en\/our-psychotherapists\/\",\"url\":\"https:\/\/www.psikolojisaati.com\/en\/our-psychotherapists\/\",\"name\":\"Psychotherapists - Souloclock\",\"isPartOf\":{\"@id\":\"https:\/\/www.psikolojisaati.com\/en\/#website\"},\"datePublished\":\"2020-10-25T18:30:45+00:00\",\"dateModified\":\"2024-12-16T09:05:36+00:00\",\"breadcrumb\":{\"@id\":\"https:\/\/www.psikolojisaati.com\/en\/our-psychotherapists\/#breadcrumb\"},\"inLanguage\":\"en-US\",\"potentialAction\":[{\"@type\":\"ReadAction\",\"target\":[\"https:\/\/www.psikolojisaati.com\/en\/our-psychotherapists\/\"]}]},{\"@type\":\"BreadcrumbList\",\"@id\":\"https:\/\/www.psikolojisaati.com\/en\/our-psychotherapists\/#breadcrumb\",\"itemListElement\":[{\"@type\":\"ListItem\",\"position\":1,\"name\":\"Anasayfa\",\"item\":\"https:\/\/www.psikolojisaati.com\/en\/\"},{\"@type\":\"ListItem\",\"position\":2,\"name\":\"Psychotherapists\"}]},{\"@type\":\"WebSite\",\"@id\":\"https:\/\/www.psikolojisaati.com\/en\/#website\",\"url\":\"https:\/\/www.psikolojisaati.com\/en\/\",\"name\":\"Psikoloji Saati\",\"description\":\"Online Therapy and Psychological Counseling\",\"potentialAction\":[{\"@type\":\"SearchAction\",\"target\":{\"@type\":\"EntryPoint\",\"urlTemplate\":\"https:\/\/www.psikolojisaati.com\/en\/?s={search_term_string}\"},\"query-input\":{\"@type\":\"PropertyValueSpecification\",\"valueRequired\":true,\"valueName\":\"search_term_string\"}}],\"inLanguage\":\"en-US\"}]}<\/script>\n<!-- \/ Yoast SEO plugin. -->","yoast_head_json":{"title":"Psychotherapists - Souloclock","robots":{"index":"index","follow":"follow","max-snippet":"max-snippet:-1","max-image-preview":"max-image-preview:large","max-video-preview":"max-video-preview:-1"},"canonical":"https:\/\/www.psikolojisaati.com\/en\/our-psychotherapists\/","og_locale":"en_US","og_type":"article","og_title":"Psychotherapists - Souloclock","og_description":"[vc_row css=&#8221;.vc_custom_1679748176219{border-top-width: 1px !important;border-right-width: 1px !important;border-bottom-width: 1px !important;border-left-width: 1px !important;padding-top: 10px !important;padding-right: 10px !important;padding-bottom: 10px !important;padding-left: 10px !important;border-left-color: #efefef !important;border-left-style: solid !important;border-right-color: #efefef !important;border-right-style: solid !important;border-top-color: #efefef !important;border-top-style: solid !important;border-bottom-color: #efefef !important;border-bottom-style: solid !important;border-radius: 10px !important;}&#8221;][vc_column][\/vc_column][\/vc_row]","og_url":"https:\/\/www.psikolojisaati.com\/en\/our-psychotherapists\/","og_site_name":"Souloclock","article_publisher":"https:\/\/www.facebook.com\/psikolojisaati","article_modified_time":"2024-12-16T09:05:36+00:00","twitter_card":"summary_large_image","twitter_misc":{"Est. reading time":"1 minute"},"schema":{"@context":"https:\/\/schema.org","@graph":[{"@type":"WebPage","@id":"https:\/\/www.psikolojisaati.com\/en\/our-psychotherapists\/","url":"https:\/\/www.psikolojisaati.com\/en\/our-psychotherapists\/","name":"Psychotherapists - Souloclock","isPartOf":{"@id":"https:\/\/www.psikolojisaati.com\/en\/#website"},"datePublished":"2020-10-25T18:30:45+00:00","dateModified":"2024-12-16T09:05:36+00:00","breadcrumb":{"@id":"https:\/\/www.psikolojisaati.com\/en\/our-psychotherapists\/#breadcrumb"},"inLanguage":"en-US","potentialAction":[{"@type":"ReadAction","target":["https:\/\/www.psikolojisaati.com\/en\/our-psychotherapists\/"]}]},{"@type":"BreadcrumbList","@id":"https:\/\/www.psikolojisaati.com\/en\/our-psychotherapists\/#breadcrumb","itemListElement":[{"@type":"ListItem","position":1,"name":"Anasayfa","item":"https:\/\/www.psikolojisaati.com\/en\/"},{"@type":"ListItem","position":2,"name":"Psychotherapists"}]},{"@type":"WebSite","@id":"https:\/\/www.psikolojisaati.com\/en\/#website","url":"https:\/\/www.psikolojisaati.com\/en\/","name":"Psikoloji Saati","description":"Online Therapy and Psychological Counseling","potentialAction":[{"@type":"SearchAction","target":{"@type":"EntryPoint","urlTemplate":"https:\/\/www.psikolojisaati.com\/en\/?s={search_term_string}"},"query-input":{"@type":"PropertyValueSpecification","valueRequired":true,"valueName":"search_term_string"}}],"inLanguage":"en-US"}]}},"_links":{"self":[{"href":"https:\/\/www.psikolojisaati.com\/en\/wp-json\/wp\/v2\/pages\/578","targetHints":{"allow":["GET"]}}],"collection":[{"href":"https:\/\/www.psikolojisaati.com\/en\/wp-json\/wp\/v2\/pages"}],"about":[{"href":"https:\/\/www.psikolojisaati.com\/en\/wp-json\/wp\/v2\/types\/page"}],"author":[{"embeddable":true,"href":"https:\/\/www.psikolojisaati.com\/en\/wp-json\/wp\/v2\/users\/1"}],"replies":[{"embeddable":true,"href":"https:\/\/www.psikolojisaati.com\/en\/wp-json\/wp\/v2\/comments?post=578"}],"version-history":[{"count":7,"href":"https:\/\/www.psikolojisaati.com\/en\/wp-json\/wp\/v2\/pages\/578\/revisions"}],"predecessor-version":[{"id":953,"href":"https:\/\/www.psikolojisaati.com\/en\/wp-json\/wp\/v2\/pages\/578\/revisions\/953"}],"wp:attachment":[{"href":"https:\/\/www.psikolojisaati.com\/en\/wp-json\/wp\/v2\/media?parent=578"}],"curies":[{"name":"wp","href":"https:\/\/api.w.org\/{rel}","templated":true}]}}